{"id":90,"date":"2017-10-04T11:13:58","date_gmt":"2017-10-04T09:13:58","guid":{"rendered":"http:\/\/www.alecoutedelamusique.com\/wordpress\/?page_id=90"},"modified":"2026-04-01T15:16:52","modified_gmt":"2026-04-01T13:16:52","slug":"infos-pratiques-2","status":"publish","type":"page","link":"http:\/\/www.alecoutedelamusique.com\/wordpress\/infos-pratiques-2\/","title":{"rendered":"Infos Pratiques"},"content":{"rendered":"<ul>\n<li style=\"list-style-type: none;\">\n<ul>\n<li>Les professeurs vous font d\u00e9couvrir le plaisir de la musique en pratiquant votre instrument pr\u00e9f\u00e9r\u00e9 d\u00e8s le premier cours<\/li>\n<li>Les cours s&rsquo;adressent \u00e0 tous les \u00e2ges et tous les niveaux<\/li>\n<li>Enseignement ludique , th\u00e9orique\u00a0 et pratique musical complet et de qualit\u00e9<\/li>\n<\/ul>\n<\/li>\n<\/ul>\n<p><img decoding=\"async\" loading=\"lazy\" class=\"alignnone size-medium wp-image-197\" src=\"http:\/\/www.alecoutedelamusique.com\/wordpress\/wp-content\/uploads\/2017\/11\/IMG_06061-300x225.jpg\" alt=\"\" width=\"300\" height=\"225\" srcset=\"http:\/\/www.alecoutedelamusique.com\/wordpress\/wp-content\/uploads\/2017\/11\/IMG_06061-300x225.jpg 300w, http:\/\/www.alecoutedelamusique.com\/wordpress\/wp-content\/uploads\/2017\/11\/IMG_06061-768x576.jpg 768w, http:\/\/www.alecoutedelamusique.com\/wordpress\/wp-content\/uploads\/2017\/11\/IMG_06061-1024x768.jpg 1024w, http:\/\/www.alecoutedelamusique.com\/wordpress\/wp-content\/uploads\/2017\/11\/IMG_06061.jpg 2048w\" sizes=\"(max-width: 300px) 100vw, 300px\" \/><\/p>\n<p>Localisation de l&rsquo;\u00e9cole :<\/p>\n<p><a href=\"https:\/\/www.google.com\/maps\/place\/48.76996+2.02435\">CLIQUEZ ICI POUR ACC\u00c9DER A GOOGLE MAPS<\/a><\/p>\n<p><iframe loading=\"lazy\" style=\"border: 0;\" src=\"https:\/\/www.google.com\/maps\/embed\/v1\/place?key=AIzaSyDR9alEr-sKR0Ir7TBHMqtn2rU8iM44R5g &amp;q=ALecouteDeLaMusique+FR\" width=\"600\" height=\"450\" frameborder=\"0\" allowfullscreen=\"allowfullscreen\"><br \/>\n<\/iframe><\/p>\n<p><span style=\"font-size: small;\">Pour toute question, n&rsquo;h\u00e9sitez pas \u00e0 contacter\u00a0<strong>R\u00e9my Boulogne<\/strong><\/span><\/p>\n<p><span style=\"font-size: small;\">au\u00a0<\/span><b><span style=\"font-size: small;\"> 06.29.84.70.11 <\/span><\/b><span style=\"font-size: small;\">ou sur<b> r.boulogne78@outlook.fr<\/b><\/span><\/p>\n<p><span style=\"font-size: small;\">Adresse de l&rsquo;\u00c9cole:<\/span><\/p>\n<p><b><span style=\"font-size: small;\">3, avenue du Manet\u00a0\u00a0\u00a0\u00a0\u00a0\u00a0\u00a0\u00a0\u00a0\u00a0\u00a0\u00a0\u00a0\u00a0\u00a0\u00a0\u00a0\u00a0\u00a0\u00a0\u00a0\u00a0\u00a0\u00a0\u00a0\u00a0\u00a0\u00a0\u00a0\u00a0\u00a0\u00a0\u00a0\u00a0\u00a0\u00a0\u00a0<\/span><\/b><\/p>\n<p><span style=\"font-size: small;\"><b>\u00a0<\/b><\/span><b><span style=\"font-size: small;\">78180 Montigny-le-Bretonneux\u00a0<\/span><\/b><\/p>\n<p>SQYBUS 5104 &#8211; Le Manet<\/p>\n","protected":false},"excerpt":{"rendered":"<p>Les professeurs vous font d\u00e9couvrir le plaisir de la musique en pratiquant votre instrument pr\u00e9f\u00e9r\u00e9 d\u00e8s le premier cours Les cours s&rsquo;adressent \u00e0 tous les \u00e2ges et tous les niveaux Enseignement ludique , th\u00e9orique\u00a0 et pratique musical complet et de qualit\u00e9 Localisation de l&rsquo;\u00e9cole : CLIQUEZ ICI POUR ACC\u00c9DER A GOOGLE MAPS Pour toute question, &hellip; <\/p>\n<p class=\"link-more\"><a href=\"http:\/\/www.alecoutedelamusique.com\/wordpress\/infos-pratiques-2\/\" class=\"more-link\">Continuer la lecture<span class=\"screen-reader-text\"> de &laquo;&nbsp;Infos Pratiques&nbsp;&raquo;<\/span><\/a><\/p>\n","protected":false},"author":1,"featured_media":0,"parent":0,"menu_order":0,"comment_status":"closed","ping_status":"closed","template":"","meta":{"_mi_skip_tracking":false},"_links":{"self":[{"href":"http:\/\/www.alecoutedelamusique.com\/wordpress\/wp-json\/wp\/v2\/pages\/90"}],"collection":[{"href":"http:\/\/www.alecoutedelamusique.com\/wordpress\/wp-json\/wp\/v2\/pages"}],"about":[{"href":"http:\/\/www.alecoutedelamusique.com\/wordpress\/wp-json\/wp\/v2\/types\/page"}],"author":[{"embeddable":true,"href":"http:\/\/www.alecoutedelamusique.com\/wordpress\/wp-json\/wp\/v2\/users\/1"}],"replies":[{"embeddable":true,"href":"http:\/\/www.alecoutedelamusique.com\/wordpress\/wp-json\/wp\/v2\/comments?post=90"}],"version-history":[{"count":23,"href":"http:\/\/www.alecoutedelamusique.com\/wordpress\/wp-json\/wp\/v2\/pages\/90\/revisions"}],"predecessor-version":[{"id":873,"href":"http:\/\/www.alecoutedelamusique.com\/wordpress\/wp-json\/wp\/v2\/pages\/90\/revisions\/873"}],"wp:attachment":[{"href":"http:\/\/www.alecoutedelamusique.com\/wordpress\/wp-json\/wp\/v2\/media?parent=90"}],"curies":[{"name":"wp","href":"https:\/\/api.w.org\/{rel}","templated":true}]}}