{"id":842,"date":"2026-02-24T12:18:59","date_gmt":"2026-02-24T11:18:59","guid":{"rendered":"https:\/\/www.alecoutedelamusique.com\/wordpress\/?page_id=842"},"modified":"2026-02-24T12:19:30","modified_gmt":"2026-02-24T11:19:30","slug":"tarifs-chant-2","status":"publish","type":"page","link":"http:\/\/www.alecoutedelamusique.com\/wordpress\/tarifs-2\/tarifs-chant-2\/","title":{"rendered":"Tarifs Chant"},"content":{"rendered":"\n<p><strong>Inscription<\/strong> 60\u20ac&nbsp;: Remplir la&nbsp;fiche&nbsp;d\u2019inscription \u00e0 imprimer&nbsp;<a href=\"http:\/\/www.alecoutedelamusique.com\/wordpress\/wp-content\/uploads\/2017\/10\/INSCRIPTION.pdf\">CLIQUER ICI<\/a><\/p>\n\n\n\n<p><strong>COURS COLLECTIFS (2 \u00e0 3 \u00e9l\u00e8ves) 1h<\/strong><\/p>\n\n\n\n<p>Enfant\/ado&nbsp;&nbsp;&nbsp;&nbsp;&nbsp;&nbsp; 640 euros annuel<\/p>\n\n\n\n<p>Adulte&nbsp;&nbsp;&nbsp;&nbsp;&nbsp;&nbsp;&nbsp;&nbsp; 660 euros annuel<\/p>\n\n\n\n<p><strong>COURS INDIVIDUEL&nbsp;&nbsp; 45 MIN<\/strong><\/p>\n\n\n\n<p>Enfant\/ado &nbsp;&nbsp;&nbsp;&nbsp;&nbsp;&nbsp;900 euros annuel<\/p>\n\n\n\n<p>Adulte&nbsp;&nbsp;&nbsp;&nbsp;&nbsp;&nbsp;&nbsp;&nbsp; 920 euros annuel<\/p>\n\n\n\n<p>Le forfait annuel est acquittable&nbsp;de 1 \u00e0&nbsp;10 fois.<\/p>\n\n\n\n<p>Le versement des 10 mensualit\u00e9s doit \u00eatre effectu\u00e9 le jour de l\u2019inscription.<\/p>\n","protected":false},"excerpt":{"rendered":"<p>Inscription 60\u20ac&nbsp;: Remplir la&nbsp;fiche&nbsp;d\u2019inscription \u00e0 imprimer&nbsp;CLIQUER ICI COURS COLLECTIFS (2 \u00e0 3 \u00e9l\u00e8ves) 1h Enfant\/ado&nbsp;&nbsp;&nbsp;&nbsp;&nbsp;&nbsp; 640 euros annuel Adulte&nbsp;&nbsp;&nbsp;&nbsp;&nbsp;&nbsp;&nbsp;&nbsp; 660 euros annuel COURS INDIVIDUEL&nbsp;&nbsp; 45 MIN Enfant\/ado &nbsp;&nbsp;&nbsp;&nbsp;&nbsp;&nbsp;900 euros annuel Adulte&nbsp;&nbsp;&nbsp;&nbsp;&nbsp;&nbsp;&nbsp;&nbsp; 920 euros annuel Le forfait annuel est acquittable&nbsp;de 1 \u00e0&nbsp;10 fois. Le versement des 10 mensualit\u00e9s doit \u00eatre effectu\u00e9 le jour de l\u2019inscription.<\/p>\n","protected":false},"author":1,"featured_media":0,"parent":655,"menu_order":0,"comment_status":"closed","ping_status":"closed","template":"","meta":{"_mi_skip_tracking":false},"_links":{"self":[{"href":"http:\/\/www.alecoutedelamusique.com\/wordpress\/wp-json\/wp\/v2\/pages\/842"}],"collection":[{"href":"http:\/\/www.alecoutedelamusique.com\/wordpress\/wp-json\/wp\/v2\/pages"}],"about":[{"href":"http:\/\/www.alecoutedelamusique.com\/wordpress\/wp-json\/wp\/v2\/types\/page"}],"author":[{"embeddable":true,"href":"http:\/\/www.alecoutedelamusique.com\/wordpress\/wp-json\/wp\/v2\/users\/1"}],"replies":[{"embeddable":true,"href":"http:\/\/www.alecoutedelamusique.com\/wordpress\/wp-json\/wp\/v2\/comments?post=842"}],"version-history":[{"count":1,"href":"http:\/\/www.alecoutedelamusique.com\/wordpress\/wp-json\/wp\/v2\/pages\/842\/revisions"}],"predecessor-version":[{"id":843,"href":"http:\/\/www.alecoutedelamusique.com\/wordpress\/wp-json\/wp\/v2\/pages\/842\/revisions\/843"}],"up":[{"embeddable":true,"href":"http:\/\/www.alecoutedelamusique.com\/wordpress\/wp-json\/wp\/v2\/pages\/655"}],"wp:attachment":[{"href":"http:\/\/www.alecoutedelamusique.com\/wordpress\/wp-json\/wp\/v2\/media?parent=842"}],"curies":[{"name":"wp","href":"https:\/\/api.w.org\/{rel}","templated":true}]}}