{"id":838,"date":"2026-02-24T12:12:38","date_gmt":"2026-02-24T11:12:38","guid":{"rendered":"https:\/\/www.alecoutedelamusique.com\/wordpress\/?page_id=838"},"modified":"2026-02-26T13:38:46","modified_gmt":"2026-02-26T12:38:46","slug":"enseignement-du-chant","status":"publish","type":"page","link":"http:\/\/www.alecoutedelamusique.com\/wordpress\/accueil\/enseignements\/enseignement-du-chant\/","title":{"rendered":"Enseignement du Chant"},"content":{"rendered":"\n<p class=\"has-pale-cyan-blue-color has-text-color has-medium-font-size\">Cours de Chant<\/p>\n\n\n\n<p>Cours individuels et collectifs<\/p>\n\n\n\n<p>Cours pour tous les \u00e2ges, tous niveaux, tous styles (classique, vari\u00e9t\u00e9, jazz, blues\u2026)<\/p>\n\n\n\n<p>Vous apprendrez rapidement afin de commencer \u00e0 chanter vos premiers morceaux<\/p>\n\n\n\n<p>A&nbsp;partir du niveau d\u00e9butant, vous aborderez la musique autrement par une p\u00e9dagogie qui vous permettra d\u2019acc\u00e9der tr\u00e8s vite aux joies de la pratique,&nbsp;dans le respect constant de la qualit\u00e9 musicale et de la sensibilit\u00e9 de chacun.<\/p>\n\n\n\n<p>Vous commencerez tout de suite la pratique du chant. Ainsi vous pourrez \u00e9prouver de la satisfaction et le plaisir de chanter.<\/p>\n\n\n\n<p>Un enseignement sp\u00e9cifique et personnalis\u00e9 pour mettre le chant \u00e0 la port\u00e9e de tous.<\/p>\n\n\n\n<p>Notre philosophie est de toujours aborder la technique dans la pratique.<\/p>\n\n\n\n<figure class=\"wp-block-image size-large\"><img decoding=\"async\" loading=\"lazy\" width=\"1024\" height=\"648\" src=\"http:\/\/www.alecoutedelamusique.com\/wordpress\/wp-content\/uploads\/2026\/02\/close-up-microphone-concert-stage-with-beautiful-lighting-1024x648.jpg\" alt=\"\" class=\"wp-image-847\" srcset=\"http:\/\/www.alecoutedelamusique.com\/wordpress\/wp-content\/uploads\/2026\/02\/close-up-microphone-concert-stage-with-beautiful-lighting-1024x648.jpg 1024w, http:\/\/www.alecoutedelamusique.com\/wordpress\/wp-content\/uploads\/2026\/02\/close-up-microphone-concert-stage-with-beautiful-lighting-300x190.jpg 300w, http:\/\/www.alecoutedelamusique.com\/wordpress\/wp-content\/uploads\/2026\/02\/close-up-microphone-concert-stage-with-beautiful-lighting-768x486.jpg 768w, http:\/\/www.alecoutedelamusique.com\/wordpress\/wp-content\/uploads\/2026\/02\/close-up-microphone-concert-stage-with-beautiful-lighting-1536x972.jpg 1536w, http:\/\/www.alecoutedelamusique.com\/wordpress\/wp-content\/uploads\/2026\/02\/close-up-microphone-concert-stage-with-beautiful-lighting-2048x1296.jpg 2048w\" sizes=\"(max-width: 767px) 89vw, (max-width: 1000px) 54vw, (max-width: 1071px) 543px, 580px\" \/><figcaption class=\"wp-element-caption\">Close up of a microphone on a concert stage with beautiful lighting.<\/figcaption><\/figure>\n","protected":false},"excerpt":{"rendered":"<p>Cours de Chant Cours individuels et collectifs Cours pour tous les \u00e2ges, tous niveaux, tous styles (classique, vari\u00e9t\u00e9, jazz, blues\u2026) Vous apprendrez rapidement afin de commencer \u00e0 chanter vos premiers morceaux A&nbsp;partir du niveau d\u00e9butant, vous aborderez la musique autrement par une p\u00e9dagogie qui vous permettra d\u2019acc\u00e9der tr\u00e8s vite aux joies de la pratique,&nbsp;dans le &hellip; <\/p>\n<p class=\"link-more\"><a href=\"http:\/\/www.alecoutedelamusique.com\/wordpress\/accueil\/enseignements\/enseignement-du-chant\/\" class=\"more-link\">Continuer la lecture<span class=\"screen-reader-text\"> de &laquo;&nbsp;Enseignement du Chant&nbsp;&raquo;<\/span><\/a><\/p>\n","protected":false},"author":1,"featured_media":0,"parent":15,"menu_order":0,"comment_status":"closed","ping_status":"closed","template":"","meta":{"_mi_skip_tracking":false},"_links":{"self":[{"href":"http:\/\/www.alecoutedelamusique.com\/wordpress\/wp-json\/wp\/v2\/pages\/838"}],"collection":[{"href":"http:\/\/www.alecoutedelamusique.com\/wordpress\/wp-json\/wp\/v2\/pages"}],"about":[{"href":"http:\/\/www.alecoutedelamusique.com\/wordpress\/wp-json\/wp\/v2\/types\/page"}],"author":[{"embeddable":true,"href":"http:\/\/www.alecoutedelamusique.com\/wordpress\/wp-json\/wp\/v2\/users\/1"}],"replies":[{"embeddable":true,"href":"http:\/\/www.alecoutedelamusique.com\/wordpress\/wp-json\/wp\/v2\/comments?post=838"}],"version-history":[{"count":6,"href":"http:\/\/www.alecoutedelamusique.com\/wordpress\/wp-json\/wp\/v2\/pages\/838\/revisions"}],"predecessor-version":[{"id":867,"href":"http:\/\/www.alecoutedelamusique.com\/wordpress\/wp-json\/wp\/v2\/pages\/838\/revisions\/867"}],"up":[{"embeddable":true,"href":"http:\/\/www.alecoutedelamusique.com\/wordpress\/wp-json\/wp\/v2\/pages\/15"}],"wp:attachment":[{"href":"http:\/\/www.alecoutedelamusique.com\/wordpress\/wp-json\/wp\/v2\/media?parent=838"}],"curies":[{"name":"wp","href":"https:\/\/api.w.org\/{rel}","templated":true}]}}