{"id":773,"date":"2026-02-15T18:33:40","date_gmt":"2026-02-15T17:33:40","guid":{"rendered":"https:\/\/www.alecoutedelamusique.com\/wordpress\/?page_id=773"},"modified":"2026-02-16T08:47:54","modified_gmt":"2026-02-16T07:47:54","slug":"tarifs-saxophone","status":"publish","type":"page","link":"http:\/\/www.alecoutedelamusique.com\/wordpress\/tarifs-2\/tarifs-saxophone\/","title":{"rendered":"Tarifs Saxophone"},"content":{"rendered":"<h2><span style=\"color: #99ccff;\"><strong>Cours de saxophone<\/strong><\/span><\/h2>\n<p><strong>Inscription 60\u20ac<\/strong> : Remplir la <strong>fiche<\/strong> d&rsquo;inscription \u00e0 imprimer <a href=\"http:\/\/www.alecoutedelamusique.com\/wordpress\/wp-content\/uploads\/2017\/10\/INSCRIPTION.pdf\">CLIQUER ICI<\/a><\/p>\n<h3><b>Individuels<\/b><\/h3>\n<p>Cours individuels de 20min par semaine<br \/>\n<b>560euros<\/b>\u00a0\u00e0 l&rsquo;ann\u00e9e.<\/p>\n<p>Cours individuels de 30min par semaine<br \/>\n<b>700 euros<\/b>\u00a0\u00e0 l&rsquo;ann\u00e9e.<\/p>\n<p>Cours individuels de 45min par semaine<br \/>\n<strong>92<\/strong><b>0 euros<\/b>\u00a0\u00e0 l&rsquo;ann\u00e9e.<\/p>\n<p>Cours individuels de 1h par semaine<br \/>\n<b>1120 euros<\/b>\u00a0\u00e0 l&rsquo;ann\u00e9e.<\/p>\n<p>Cours collectifs 45min par semaine<br \/>\n<strong>620 euros<\/strong> \u00e0 l&rsquo;ann\u00e9e<\/p>\n<p><em>Le forfait annuel est acquittable\u00a0de 1 \u00e0\u00a010 fois.<\/em><\/p>\n<p><em>Le versement des 10 mensualit\u00e9s doit \u00eatre effectu\u00e9 le jour de l&rsquo;inscription.<\/em><\/p>\n","protected":false},"excerpt":{"rendered":"<p>Cours de saxophone Inscription 60\u20ac : Remplir la fiche d&rsquo;inscription \u00e0 imprimer CLIQUER ICI Individuels Cours individuels de 20min par semaine 560euros\u00a0\u00e0 l&rsquo;ann\u00e9e. Cours individuels de 30min par semaine 700 euros\u00a0\u00e0 l&rsquo;ann\u00e9e. Cours individuels de 45min par semaine 920 euros\u00a0\u00e0 l&rsquo;ann\u00e9e. Cours individuels de 1h par semaine 1120 euros\u00a0\u00e0 l&rsquo;ann\u00e9e. Cours collectifs 45min par semaine &hellip; <\/p>\n<p class=\"link-more\"><a href=\"http:\/\/www.alecoutedelamusique.com\/wordpress\/tarifs-2\/tarifs-saxophone\/\" class=\"more-link\">Continuer la lecture<span class=\"screen-reader-text\"> de &laquo;&nbsp;Tarifs Saxophone&nbsp;&raquo;<\/span><\/a><\/p>\n","protected":false},"author":1,"featured_media":0,"parent":655,"menu_order":0,"comment_status":"closed","ping_status":"closed","template":"","meta":{"_mi_skip_tracking":false},"_links":{"self":[{"href":"http:\/\/www.alecoutedelamusique.com\/wordpress\/wp-json\/wp\/v2\/pages\/773"}],"collection":[{"href":"http:\/\/www.alecoutedelamusique.com\/wordpress\/wp-json\/wp\/v2\/pages"}],"about":[{"href":"http:\/\/www.alecoutedelamusique.com\/wordpress\/wp-json\/wp\/v2\/types\/page"}],"author":[{"embeddable":true,"href":"http:\/\/www.alecoutedelamusique.com\/wordpress\/wp-json\/wp\/v2\/users\/1"}],"replies":[{"embeddable":true,"href":"http:\/\/www.alecoutedelamusique.com\/wordpress\/wp-json\/wp\/v2\/comments?post=773"}],"version-history":[{"count":3,"href":"http:\/\/www.alecoutedelamusique.com\/wordpress\/wp-json\/wp\/v2\/pages\/773\/revisions"}],"predecessor-version":[{"id":780,"href":"http:\/\/www.alecoutedelamusique.com\/wordpress\/wp-json\/wp\/v2\/pages\/773\/revisions\/780"}],"up":[{"embeddable":true,"href":"http:\/\/www.alecoutedelamusique.com\/wordpress\/wp-json\/wp\/v2\/pages\/655"}],"wp:attachment":[{"href":"http:\/\/www.alecoutedelamusique.com\/wordpress\/wp-json\/wp\/v2\/media?parent=773"}],"curies":[{"name":"wp","href":"https:\/\/api.w.org\/{rel}","templated":true}]}}