{"id":758,"date":"2026-02-05T09:56:49","date_gmt":"2026-02-05T08:56:49","guid":{"rendered":"https:\/\/www.alecoutedelamusique.com\/wordpress\/?page_id=758"},"modified":"2026-02-26T13:39:42","modified_gmt":"2026-02-26T12:39:42","slug":"enseignement-du-saxophone2","status":"publish","type":"page","link":"http:\/\/www.alecoutedelamusique.com\/wordpress\/accueil\/enseignements\/enseignement-du-saxophone2\/","title":{"rendered":"Enseignement du saxophone"},"content":{"rendered":"\n<div class=\"wp-block-group is-nowrap is-layout-flex wp-container-1\">\n<figure class=\"wp-block-image size-full is-resized\"><img decoding=\"async\" loading=\"lazy\" src=\"http:\/\/www.alecoutedelamusique.com\/wordpress\/wp-content\/uploads\/2026\/02\/3bc3dd87-a10e-4aae-88f1-0dd60fa20656-1.jpg\" alt=\"\" class=\"wp-image-810\" width=\"39\" height=\"39\"\/><\/figure>\n\n\n\n<p class=\"has-pale-cyan-blue-color has-text-color has-medium-font-size\">Cours de Saxophone (Soprano, Alto, T\u00e9nor) <\/p>\n<\/div>\n\n\n\n<p>Cours individuels <\/p>\n\n\n\n<p>Cours pour tous les \u00e2ges, tous niveaux, tous styles (classique, vari\u00e9t\u00e9, jazz, blues\u2026) <\/p>\n\n\n\n<p>Vous avez envie d\u2019apprendre \u00e0 votre rythme. Jouez et d\u00e9couvrez les diff\u00e9rents aspects de cet instrument. <\/p>\n\n\n\n<p>A partir du niveau d\u00e9butant, vous aborderez la musique autrement par une p\u00e9dagogie qui vous permettra d\u2019acc\u00e9der tr\u00e8s vite aux plaisirs de la pratique du saxophone, dans le respect constant de la qualit\u00e9 musicale et de la sensibilit\u00e9 de chacun. <\/p>\n\n\n\n<p>Vous commencerez tout de suite la pratique et vous \u00e9prouverez imm\u00e9diatement le plaisir de jouer. Un enseignement sp\u00e9cifique et personnalis\u00e9 pour mettre le saxophone \u00e0 la port\u00e9e de tous. Notre philosophie est de toujours aborder le solf\u00e8ge dans la pratique de l\u2019instrument.<\/p>\n\n\n\n<p><\/p>\n\n\n<div class=\"wp-block-image\">\n<figure class=\"aligncenter size-large is-resized\"><img decoding=\"async\" loading=\"lazy\" src=\"https:\/\/www.alecoutedelamusique.com\/wordpress\/wp-content\/uploads\/2026\/02\/man-playing-saxophone-819x1024.jpg\" alt=\"\" class=\"wp-image-784\" width=\"329\" height=\"410\" srcset=\"http:\/\/www.alecoutedelamusique.com\/wordpress\/wp-content\/uploads\/2026\/02\/man-playing-saxophone-819x1024.jpg 819w, http:\/\/www.alecoutedelamusique.com\/wordpress\/wp-content\/uploads\/2026\/02\/man-playing-saxophone-240x300.jpg 240w, http:\/\/www.alecoutedelamusique.com\/wordpress\/wp-content\/uploads\/2026\/02\/man-playing-saxophone-768x960.jpg 768w, http:\/\/www.alecoutedelamusique.com\/wordpress\/wp-content\/uploads\/2026\/02\/man-playing-saxophone-1229x1536.jpg 1229w, http:\/\/www.alecoutedelamusique.com\/wordpress\/wp-content\/uploads\/2026\/02\/man-playing-saxophone-1638x2048.jpg 1638w, http:\/\/www.alecoutedelamusique.com\/wordpress\/wp-content\/uploads\/2026\/02\/man-playing-saxophone-scaled.jpg 2048w\" sizes=\"(max-width: 329px) 100vw, 329px\" \/><\/figure><\/div>","protected":false},"excerpt":{"rendered":"<p>Cours de Saxophone (Soprano, Alto, T\u00e9nor) Cours individuels Cours pour tous les \u00e2ges, tous niveaux, tous styles (classique, vari\u00e9t\u00e9, jazz, blues\u2026) Vous avez envie d\u2019apprendre \u00e0 votre rythme. Jouez et d\u00e9couvrez les diff\u00e9rents aspects de cet instrument. A partir du niveau d\u00e9butant, vous aborderez la musique autrement par une p\u00e9dagogie qui vous permettra d\u2019acc\u00e9der tr\u00e8s &hellip; <\/p>\n<p class=\"link-more\"><a href=\"http:\/\/www.alecoutedelamusique.com\/wordpress\/accueil\/enseignements\/enseignement-du-saxophone2\/\" class=\"more-link\">Continuer la lecture<span class=\"screen-reader-text\"> de &laquo;&nbsp;Enseignement du saxophone&nbsp;&raquo;<\/span><\/a><\/p>\n","protected":false},"author":1,"featured_media":0,"parent":15,"menu_order":0,"comment_status":"closed","ping_status":"closed","template":"","meta":{"_mi_skip_tracking":false},"_links":{"self":[{"href":"http:\/\/www.alecoutedelamusique.com\/wordpress\/wp-json\/wp\/v2\/pages\/758"}],"collection":[{"href":"http:\/\/www.alecoutedelamusique.com\/wordpress\/wp-json\/wp\/v2\/pages"}],"about":[{"href":"http:\/\/www.alecoutedelamusique.com\/wordpress\/wp-json\/wp\/v2\/types\/page"}],"author":[{"embeddable":true,"href":"http:\/\/www.alecoutedelamusique.com\/wordpress\/wp-json\/wp\/v2\/users\/1"}],"replies":[{"embeddable":true,"href":"http:\/\/www.alecoutedelamusique.com\/wordpress\/wp-json\/wp\/v2\/comments?post=758"}],"version-history":[{"count":15,"href":"http:\/\/www.alecoutedelamusique.com\/wordpress\/wp-json\/wp\/v2\/pages\/758\/revisions"}],"predecessor-version":[{"id":868,"href":"http:\/\/www.alecoutedelamusique.com\/wordpress\/wp-json\/wp\/v2\/pages\/758\/revisions\/868"}],"up":[{"embeddable":true,"href":"http:\/\/www.alecoutedelamusique.com\/wordpress\/wp-json\/wp\/v2\/pages\/15"}],"wp:attachment":[{"href":"http:\/\/www.alecoutedelamusique.com\/wordpress\/wp-json\/wp\/v2\/media?parent=758"}],"curies":[{"name":"wp","href":"https:\/\/api.w.org\/{rel}","templated":true}]}}