{"id":7,"date":"2017-10-03T22:12:26","date_gmt":"2017-10-03T20:12:26","guid":{"rendered":"http:\/\/www.alecoutedelamusique.com\/wordpress\/?page_id=7"},"modified":"2026-02-05T09:15:19","modified_gmt":"2026-02-05T08:15:19","slug":"accueil","status":"publish","type":"page","link":"http:\/\/www.alecoutedelamusique.com\/wordpress\/","title":{"rendered":"Accueil"},"content":{"rendered":"<h1>\u00a0 Bienvenue sur le site des \u00e9coles :<\/h1>\n<h1>\u00a0&#8211;\u00a0 A l&rsquo;\u00e9coute de la musique (piano, clavier, guitare, basse, jardin musical, chant, saxophone)<\/h1>\n<h1>\u00a0&#8211; Ecole de batterie Dante AGOSTINI Saint Quentin en Yvelines<\/h1>\n<p>Un premier pas est toujours un grand tr\u00e8s grand pas et pour le franchir l&rsquo;\u00e9cole offre un cours d&rsquo;essai \u00e0 ceux qui le souhaitent.<\/p>\n<p>Pour une rencontre musicale et humaine en toute simplicit\u00e9.<\/p>\n","protected":false},"excerpt":{"rendered":"<p>\u00a0 Bienvenue sur le site des \u00e9coles : \u00a0&#8211;\u00a0 A l&rsquo;\u00e9coute de la musique (piano, clavier, guitare, basse, jardin musical, chant, saxophone) \u00a0&#8211; Ecole de batterie Dante AGOSTINI Saint Quentin en Yvelines Un premier pas est toujours un grand tr\u00e8s grand pas et pour le franchir l&rsquo;\u00e9cole offre un cours d&rsquo;essai \u00e0 ceux qui le &hellip; <\/p>\n<p class=\"link-more\"><a href=\"http:\/\/www.alecoutedelamusique.com\/wordpress\/\" class=\"more-link\">Continuer la lecture<span class=\"screen-reader-text\"> de &laquo;&nbsp;Accueil&nbsp;&raquo;<\/span><\/a><\/p>\n","protected":false},"author":1,"featured_media":0,"parent":0,"menu_order":0,"comment_status":"closed","ping_status":"closed","template":"","meta":{"_mi_skip_tracking":false},"_links":{"self":[{"href":"http:\/\/www.alecoutedelamusique.com\/wordpress\/wp-json\/wp\/v2\/pages\/7"}],"collection":[{"href":"http:\/\/www.alecoutedelamusique.com\/wordpress\/wp-json\/wp\/v2\/pages"}],"about":[{"href":"http:\/\/www.alecoutedelamusique.com\/wordpress\/wp-json\/wp\/v2\/types\/page"}],"author":[{"embeddable":true,"href":"http:\/\/www.alecoutedelamusique.com\/wordpress\/wp-json\/wp\/v2\/users\/1"}],"replies":[{"embeddable":true,"href":"http:\/\/www.alecoutedelamusique.com\/wordpress\/wp-json\/wp\/v2\/comments?post=7"}],"version-history":[{"count":8,"href":"http:\/\/www.alecoutedelamusique.com\/wordpress\/wp-json\/wp\/v2\/pages\/7\/revisions"}],"predecessor-version":[{"id":746,"href":"http:\/\/www.alecoutedelamusique.com\/wordpress\/wp-json\/wp\/v2\/pages\/7\/revisions\/746"}],"wp:attachment":[{"href":"http:\/\/www.alecoutedelamusique.com\/wordpress\/wp-json\/wp\/v2\/media?parent=7"}],"curies":[{"name":"wp","href":"https:\/\/api.w.org\/{rel}","templated":true}]}}