{"id":153,"date":"2017-10-10T13:21:55","date_gmt":"2017-10-10T11:21:55","guid":{"rendered":"http:\/\/www.alecoutedelamusique.com\/wordpress\/?page_id=153"},"modified":"2025-06-06T08:50:03","modified_gmt":"2025-06-06T06:50:03","slug":"tarifs-piano-clavier","status":"publish","type":"page","link":"http:\/\/www.alecoutedelamusique.com\/wordpress\/tarifs-2\/tarifs-piano-clavier\/","title":{"rendered":"Tarifs Piano \/ Clavier"},"content":{"rendered":"<h2><span style=\"color: #99ccff;\"><strong>Cours de piano\/clavier<\/strong><\/span><\/h2>\n<p><strong>Inscription 60\u20ac<\/strong> : Remplir la <strong>fiche<\/strong> d&rsquo;inscription \u00e0 imprimer <a href=\"http:\/\/www.alecoutedelamusique.com\/wordpress\/wp-content\/uploads\/2017\/10\/INSCRIPTION.pdf\">CLIQUER ICI<\/a><\/p>\n<p><strong>Initiation<\/strong> (4 \u00e0 6 ans)<\/p>\n<p>les cours collectifs ( 2 \u00e9l\u00e8ves maximums ) d&rsquo;une demi-heure par semaine )<\/p>\n<p><strong>415 euros<\/strong> \u00e0 l&rsquo;ann\u00e9e.<\/p>\n<h3><b>Individuels<\/b><\/h3>\n<p>Cours individuels de 20min par semaine<br \/>\n<b>560euros<\/b>\u00a0\u00e0 l&rsquo;ann\u00e9e.<\/p>\n<p>Cours individuels de 30min par semaine<br \/>\n<b>700 euros<\/b>\u00a0\u00e0 l&rsquo;ann\u00e9e.<\/p>\n<p>Cours individuels de 45min par semaine<br \/>\n<strong>92<\/strong><b>0 euros<\/b>\u00a0\u00e0 l&rsquo;ann\u00e9e.<\/p>\n<p>Cours individuels de 1h par semaine<br \/>\n<b>1120 euros<\/b>\u00a0\u00e0 l&rsquo;ann\u00e9e.<\/p>\n<p>Cours collectifs 45min par semaine<br \/>\n<strong>620 euros<\/strong> \u00e0 l&rsquo;ann\u00e9e<\/p>\n<p><em>Le forfait annuel est acquittable\u00a0de 1 \u00e0\u00a010 fois.<\/em><\/p>\n<p><em>Le versement des 10 mensualit\u00e9s doit \u00eatre effectu\u00e9 le jour de l&rsquo;inscription.<\/em><\/p>\n","protected":false},"excerpt":{"rendered":"<p>Cours de piano\/clavier Inscription 60\u20ac : Remplir la fiche d&rsquo;inscription \u00e0 imprimer CLIQUER ICI Initiation (4 \u00e0 6 ans) les cours collectifs ( 2 \u00e9l\u00e8ves maximums ) d&rsquo;une demi-heure par semaine ) 415 euros \u00e0 l&rsquo;ann\u00e9e. Individuels Cours individuels de 20min par semaine 560euros\u00a0\u00e0 l&rsquo;ann\u00e9e. Cours individuels de 30min par semaine 700 euros\u00a0\u00e0 l&rsquo;ann\u00e9e. Cours &hellip; <\/p>\n<p class=\"link-more\"><a href=\"http:\/\/www.alecoutedelamusique.com\/wordpress\/tarifs-2\/tarifs-piano-clavier\/\" class=\"more-link\">Continuer la lecture<span class=\"screen-reader-text\"> de &laquo;&nbsp;Tarifs Piano \/ Clavier&nbsp;&raquo;<\/span><\/a><\/p>\n","protected":false},"author":1,"featured_media":0,"parent":655,"menu_order":0,"comment_status":"closed","ping_status":"closed","template":"","meta":{"_mi_skip_tracking":false},"_links":{"self":[{"href":"http:\/\/www.alecoutedelamusique.com\/wordpress\/wp-json\/wp\/v2\/pages\/153"}],"collection":[{"href":"http:\/\/www.alecoutedelamusique.com\/wordpress\/wp-json\/wp\/v2\/pages"}],"about":[{"href":"http:\/\/www.alecoutedelamusique.com\/wordpress\/wp-json\/wp\/v2\/types\/page"}],"author":[{"embeddable":true,"href":"http:\/\/www.alecoutedelamusique.com\/wordpress\/wp-json\/wp\/v2\/users\/1"}],"replies":[{"embeddable":true,"href":"http:\/\/www.alecoutedelamusique.com\/wordpress\/wp-json\/wp\/v2\/comments?post=153"}],"version-history":[{"count":21,"href":"http:\/\/www.alecoutedelamusique.com\/wordpress\/wp-json\/wp\/v2\/pages\/153\/revisions"}],"predecessor-version":[{"id":720,"href":"http:\/\/www.alecoutedelamusique.com\/wordpress\/wp-json\/wp\/v2\/pages\/153\/revisions\/720"}],"up":[{"embeddable":true,"href":"http:\/\/www.alecoutedelamusique.com\/wordpress\/wp-json\/wp\/v2\/pages\/655"}],"wp:attachment":[{"href":"http:\/\/www.alecoutedelamusique.com\/wordpress\/wp-json\/wp\/v2\/media?parent=153"}],"curies":[{"name":"wp","href":"https:\/\/api.w.org\/{rel}","templated":true}]}}