{"id":15,"date":"2017-10-03T22:12:26","date_gmt":"2017-10-03T20:12:26","guid":{"rendered":"http:\/\/www.alecoutedelamusique.com\/wordpress\/?page_id=15"},"modified":"2026-02-24T22:37:18","modified_gmt":"2026-02-24T21:37:18","slug":"enseignements","status":"publish","type":"page","link":"http:\/\/www.alecoutedelamusique.com\/wordpress\/accueil\/enseignements\/","title":{"rendered":"Enseignements"},"content":{"rendered":"\n<div class=\"wp-block-group is-layout-constrained\"><div class=\"wp-block-group__inner-container\">\n<ul>\n<li><a href=\"https:\/\/www.alecoutedelamusique.com\/wordpress\/tarifs-2\/saxophone\/\">BATTERIE<\/a><\/li>\n<li><a href=\"http:\/\/www.alecoutedelamusique.com\/wordpress\/enseignements\/enseignement-de-la-guitare\/\">GUITARE<\/a><\/li>\n<li><a href=\"https:\/\/www.alecoutedelamusique.com\/wordpress\/accueil\/enseignements\/enseignement-du-saxophone2\/\">SAXOPHONE<\/a><\/li>\n<li><a href=\"http:\/\/www.alecoutedelamusique.com\/wordpress\/enseignements\/enseignement-du-piano-clavier-initiation\/\">INITIATION et COURS : PIANO \/ CLAVIER (classique, jazz, musique actuelle)<\/a><\/li>\n<li><a href=\"http:\/\/www.alecoutedelamusique.com\/wordpress\/enseignements\/jardin-musical\/\">JARDIN MUSICAL<\/a><\/li>\n<li><a href=\"http:\/\/www.alecoutedelamusique.com\/wordpress\/enseignements\/solfege\/\">SOLF\u00c8GE<\/a><\/li>\n<li><a href=\"https:\/\/www.alecoutedelamusique.com\/wordpress\/accueil\/enseignements\/enseignement-du-chant\/\">CHANT<\/a><\/li>\n<\/ul>\n<p><strong>Pr\u00e9sentation de l&rsquo;\u00e9cole \u00e0 l&rsquo;\u00e9coute de la musique.<\/strong><\/p>\n<p>Depuis 1995, l&rsquo;\u00e9cole a pour objectif de transmettre un enseignement musical de qualit\u00e9 \u00e0 tous (enfants, adultes, tout public, tout \u00e2ge, tous niveaux )<\/p>\n<p>Une p\u00e9dagogie ludique et active adapt\u00e9e \u00e0 chacun, avec pour premi\u00e8re ambition le plaisir de l&rsquo;instrument.<\/p>\n<p>Un espace d&rsquo;expression, de convivialit\u00e9, dans lequel chacun \u00e0 sa place.<br \/>Une solide \u00e9quipe p\u00e9dagogique de professeurs dipl\u00f4m\u00e9s exp\u00e9riment\u00e9s et passionn\u00e9s associe rigueur, discipline, mais aussi plaisir et divertissement pour vous enseigner au mieux l&rsquo;art de la musique.<\/p>\n<p>Ainsi que vous soyez adulte ou retrait\u00e9 et souhaitez r\u00e9aliser un r\u00eave d&rsquo;enfants, ou adolescent ou enfants (\u00e0 partir de 3 ans), l&rsquo;\u00e9cole veillera \u00e0 votre \u00e9panouissement musical.<\/p>\n<\/div><\/div>\n","protected":false},"excerpt":{"rendered":"<p>BATTERIE GUITARE SAXOPHONE INITIATION et COURS : PIANO \/ CLAVIER (classique, jazz, musique actuelle) JARDIN MUSICAL SOLF\u00c8GE CHANT Pr\u00e9sentation de l&rsquo;\u00e9cole \u00e0 l&rsquo;\u00e9coute de la musique. Depuis 1995, l&rsquo;\u00e9cole a pour objectif de transmettre un enseignement musical de qualit\u00e9 \u00e0 tous (enfants, adultes, tout public, tout \u00e2ge, tous niveaux ) Une p\u00e9dagogie ludique et active &hellip; <\/p>\n<p class=\"link-more\"><a href=\"http:\/\/www.alecoutedelamusique.com\/wordpress\/accueil\/enseignements\/\" class=\"more-link\">Continuer la lecture<span class=\"screen-reader-text\"> de &laquo;&nbsp;Enseignements&nbsp;&raquo;<\/span><\/a><\/p>\n","protected":false},"author":1,"featured_media":0,"parent":7,"menu_order":0,"comment_status":"closed","ping_status":"closed","template":"","meta":{"_mi_skip_tracking":false},"_links":{"self":[{"href":"http:\/\/www.alecoutedelamusique.com\/wordpress\/wp-json\/wp\/v2\/pages\/15"}],"collection":[{"href":"http:\/\/www.alecoutedelamusique.com\/wordpress\/wp-json\/wp\/v2\/pages"}],"about":[{"href":"http:\/\/www.alecoutedelamusique.com\/wordpress\/wp-json\/wp\/v2\/types\/page"}],"author":[{"embeddable":true,"href":"http:\/\/www.alecoutedelamusique.com\/wordpress\/wp-json\/wp\/v2\/users\/1"}],"replies":[{"embeddable":true,"href":"http:\/\/www.alecoutedelamusique.com\/wordpress\/wp-json\/wp\/v2\/comments?post=15"}],"version-history":[{"count":22,"href":"http:\/\/www.alecoutedelamusique.com\/wordpress\/wp-json\/wp\/v2\/pages\/15\/revisions"}],"predecessor-version":[{"id":866,"href":"http:\/\/www.alecoutedelamusique.com\/wordpress\/wp-json\/wp\/v2\/pages\/15\/revisions\/866"}],"up":[{"embeddable":true,"href":"http:\/\/www.alecoutedelamusique.com\/wordpress\/wp-json\/wp\/v2\/pages\/7"}],"wp:attachment":[{"href":"http:\/\/www.alecoutedelamusique.com\/wordpress\/wp-json\/wp\/v2\/media?parent=15"}],"curies":[{"name":"wp","href":"https:\/\/api.w.org\/{rel}","templated":true}]}}