{"id":149,"date":"2017-10-10T13:20:44","date_gmt":"2017-10-10T11:20:44","guid":{"rendered":"http:\/\/www.alecoutedelamusique.com\/wordpress\/?page_id=149"},"modified":"2025-06-06T08:51:55","modified_gmt":"2025-06-06T06:51:55","slug":"tarifs-initiation-piano","status":"publish","type":"page","link":"http:\/\/www.alecoutedelamusique.com\/wordpress\/tarifs-2\/tarifs-initiation-piano\/","title":{"rendered":"Tarifs Initiation Piano"},"content":{"rendered":"<h2><span style=\"color: #99ccff;\"><strong>Cours d&rsquo;initiation au piano<\/strong><\/span><\/h2>\n<p><strong>Inscription 60\u20ac<\/strong> : Remplir la fiche d&rsquo;inscription \u00e0 imprimer <a href=\"http:\/\/www.alecoutedelamusique.com\/wordpress\/wp-content\/uploads\/2017\/10\/INSCRIPTION.pdf\">CLIQUER ICI<\/a><\/p>\n<p>Cours collectifs d&rsquo;une demi-heure par semaine (pour les enfants de\u00a0<strong>4<\/strong><b>\u00e0 6 ans<\/b>\u00a0et 2 \u00e9l\u00e8ves maximum)<br \/>\n<b>415 euros<\/b>\u00a0\u00e0 l&rsquo;ann\u00e9e.<\/p>\n<p><em>Le forfait annuel est acquittable\u00a0de 1 \u00e0\u00a010 fois.<\/em><\/p>\n<p><em>Le versement des 10 mensualit\u00e9s doit \u00eatre effectu\u00e9 le jour de l&rsquo;inscription.<\/em><\/p>\n","protected":false},"excerpt":{"rendered":"<p>Cours d&rsquo;initiation au piano Inscription 60\u20ac : Remplir la fiche d&rsquo;inscription \u00e0 imprimer CLIQUER ICI Cours collectifs d&rsquo;une demi-heure par semaine (pour les enfants de\u00a04\u00e0 6 ans\u00a0et 2 \u00e9l\u00e8ves maximum) 415 euros\u00a0\u00e0 l&rsquo;ann\u00e9e. Le forfait annuel est acquittable\u00a0de 1 \u00e0\u00a010 fois. Le versement des 10 mensualit\u00e9s doit \u00eatre effectu\u00e9 le jour de l&rsquo;inscription.<\/p>\n","protected":false},"author":1,"featured_media":0,"parent":655,"menu_order":0,"comment_status":"closed","ping_status":"closed","template":"","meta":{"_mi_skip_tracking":false},"_links":{"self":[{"href":"http:\/\/www.alecoutedelamusique.com\/wordpress\/wp-json\/wp\/v2\/pages\/149"}],"collection":[{"href":"http:\/\/www.alecoutedelamusique.com\/wordpress\/wp-json\/wp\/v2\/pages"}],"about":[{"href":"http:\/\/www.alecoutedelamusique.com\/wordpress\/wp-json\/wp\/v2\/types\/page"}],"author":[{"embeddable":true,"href":"http:\/\/www.alecoutedelamusique.com\/wordpress\/wp-json\/wp\/v2\/users\/1"}],"replies":[{"embeddable":true,"href":"http:\/\/www.alecoutedelamusique.com\/wordpress\/wp-json\/wp\/v2\/comments?post=149"}],"version-history":[{"count":10,"href":"http:\/\/www.alecoutedelamusique.com\/wordpress\/wp-json\/wp\/v2\/pages\/149\/revisions"}],"predecessor-version":[{"id":722,"href":"http:\/\/www.alecoutedelamusique.com\/wordpress\/wp-json\/wp\/v2\/pages\/149\/revisions\/722"}],"up":[{"embeddable":true,"href":"http:\/\/www.alecoutedelamusique.com\/wordpress\/wp-json\/wp\/v2\/pages\/655"}],"wp:attachment":[{"href":"http:\/\/www.alecoutedelamusique.com\/wordpress\/wp-json\/wp\/v2\/media?parent=149"}],"curies":[{"name":"wp","href":"https:\/\/api.w.org\/{rel}","templated":true}]}}