{"id":147,"date":"2017-10-10T13:20:14","date_gmt":"2017-10-10T11:20:14","guid":{"rendered":"http:\/\/www.alecoutedelamusique.com\/wordpress\/?page_id=147"},"modified":"2025-06-06T08:51:33","modified_gmt":"2025-06-06T06:51:33","slug":"tarifs-guitare-basse","status":"publish","type":"page","link":"http:\/\/www.alecoutedelamusique.com\/wordpress\/tarifs-2\/tarifs-guitare-basse\/","title":{"rendered":"Tarifs Guitare  \/ Basse"},"content":{"rendered":"<h2><strong><span style=\"color: #99ccff;\">Cours de guitare \/ Basse\/Contrebasse<\/span><\/strong><\/h2>\n<p><strong>Inscription 60\u20ac<\/strong> : Remplir la fiche d&rsquo;inscription \u00e0 imprimer <a href=\"http:\/\/www.alecoutedelamusique.com\/wordpress\/wp-content\/uploads\/2017\/10\/INSCRIPTION.pdf\">CLIQUER ICI<\/a><\/p>\n<p>Cours individuels de 20min par semaine<br \/>\n<b>560 euros<\/b>\u00a0\u00e0 l&rsquo;ann\u00e9e.<\/p>\n<p>Cours individuels de 30min par semaine<br \/>\n<b>700 euros<\/b>\u00a0\u00e0 l&rsquo;ann\u00e9e.<\/p>\n<p>Cours individuels de 45min par semaine<br \/>\n<strong>920<\/strong><b> euros<\/b>\u00a0\u00e0 l&rsquo;ann\u00e9e.<\/p>\n<p>Cours individuels de 1h par semaine<br \/>\n<b>1120 euros<\/b>\u00a0\u00e0 l&rsquo;ann\u00e9e.<\/p>\n<p>Cours collectifs 2 \u00e9l\u00e8ves 45 mn par semaine<\/p>\n<p><strong>620 euros<\/strong><em> \u00e0 l&rsquo;ann\u00e9e<\/em><\/p>\n<p><em>Le forfait annuel est acquittable\u00a0de 1 \u00e0\u00a010 fois.<\/em><\/p>\n<p><em>Le versement des 10 mensualit\u00e9s doit \u00eatre effectu\u00e9 le jour de l&rsquo;inscription.<\/em><\/p>\n","protected":false},"excerpt":{"rendered":"<p>Cours de guitare \/ Basse\/Contrebasse Inscription 60\u20ac : Remplir la fiche d&rsquo;inscription \u00e0 imprimer CLIQUER ICI Cours individuels de 20min par semaine 560 euros\u00a0\u00e0 l&rsquo;ann\u00e9e. Cours individuels de 30min par semaine 700 euros\u00a0\u00e0 l&rsquo;ann\u00e9e. Cours individuels de 45min par semaine 920 euros\u00a0\u00e0 l&rsquo;ann\u00e9e. Cours individuels de 1h par semaine 1120 euros\u00a0\u00e0 l&rsquo;ann\u00e9e. Cours collectifs 2 &hellip; <\/p>\n<p class=\"link-more\"><a href=\"http:\/\/www.alecoutedelamusique.com\/wordpress\/tarifs-2\/tarifs-guitare-basse\/\" class=\"more-link\">Continuer la lecture<span class=\"screen-reader-text\"> de &laquo;&nbsp;Tarifs Guitare  \/ Basse&nbsp;&raquo;<\/span><\/a><\/p>\n","protected":false},"author":1,"featured_media":0,"parent":655,"menu_order":0,"comment_status":"closed","ping_status":"closed","template":"","meta":{"_mi_skip_tracking":false},"_links":{"self":[{"href":"http:\/\/www.alecoutedelamusique.com\/wordpress\/wp-json\/wp\/v2\/pages\/147"}],"collection":[{"href":"http:\/\/www.alecoutedelamusique.com\/wordpress\/wp-json\/wp\/v2\/pages"}],"about":[{"href":"http:\/\/www.alecoutedelamusique.com\/wordpress\/wp-json\/wp\/v2\/types\/page"}],"author":[{"embeddable":true,"href":"http:\/\/www.alecoutedelamusique.com\/wordpress\/wp-json\/wp\/v2\/users\/1"}],"replies":[{"embeddable":true,"href":"http:\/\/www.alecoutedelamusique.com\/wordpress\/wp-json\/wp\/v2\/comments?post=147"}],"version-history":[{"count":16,"href":"http:\/\/www.alecoutedelamusique.com\/wordpress\/wp-json\/wp\/v2\/pages\/147\/revisions"}],"predecessor-version":[{"id":721,"href":"http:\/\/www.alecoutedelamusique.com\/wordpress\/wp-json\/wp\/v2\/pages\/147\/revisions\/721"}],"up":[{"embeddable":true,"href":"http:\/\/www.alecoutedelamusique.com\/wordpress\/wp-json\/wp\/v2\/pages\/655"}],"wp:attachment":[{"href":"http:\/\/www.alecoutedelamusique.com\/wordpress\/wp-json\/wp\/v2\/media?parent=147"}],"curies":[{"name":"wp","href":"https:\/\/api.w.org\/{rel}","templated":true}]}}