{"id":120,"date":"2017-10-04T12:26:55","date_gmt":"2017-10-04T10:26:55","guid":{"rendered":"http:\/\/www.alecoutedelamusique.com\/wordpress\/?page_id=120"},"modified":"2021-09-27T10:03:12","modified_gmt":"2021-09-27T08:03:12","slug":"jardin-musical","status":"publish","type":"page","link":"http:\/\/www.alecoutedelamusique.com\/wordpress\/accueil\/enseignements\/jardin-musical\/","title":{"rendered":"Eveil piano et musical"},"content":{"rendered":"<h2><img decoding=\"async\" loading=\"lazy\" class=\"alignnone size-full wp-image-307\" src=\"http:\/\/www.alecoutedelamusique.com\/wordpress\/wp-content\/uploads\/2018\/02\/jardin1.png\" alt=\"\" width=\"40\" height=\"40\" \/>\u00a0<span style=\"color: #99ccff;\"><strong>Jardin \/ Eveil Musical<\/strong><\/span><\/h2>\n<p>Pour les enfants de 4 \u00e0 5 ans<br \/>\n&#8211; Plaisir de chanter et jouer ensemble<br \/>\n&#8211; Chants, comptines, jeux dans\u00e9s et chant\u00e9s, \u00e9coute d&rsquo;\u0153uvres musicales<br \/>\n&#8211; D\u00e9couverte des sons<br \/>\n&#8211; Travail des rythmes sur petites percussions<br \/>\n&#8211; D\u00e9couverte des instruments de l&rsquo;orchestre<\/p>\n<p>Parents ! vous croyez aux vertus de l&rsquo;apprentissage de la musique pour vos enfants ?<br \/>\nSavez &#8211; vous que c&rsquo;est un h\u00e9ritage inestimable que vous leur offrez ?<br \/>\nL&rsquo;\u00e9cole accueille vos enfants d\u00e9s l&rsquo;\u00e2ge de 3 ans pour un \u00e9veil musical puis selon les go\u00fbts, votre enfant pourra choisir un instrument.<\/p>\n<figure id=\"attachment_50\" aria-describedby=\"caption-attachment-50\" style=\"width: 3264px\" class=\"wp-caption alignnone\"><img decoding=\"async\" loading=\"lazy\" class=\"wp-image-50 size-full\" src=\"http:\/\/www.alecoutedelamusique.com\/wordpress\/wp-content\/uploads\/2017\/10\/IMG_20171003_130302.jpg\" alt=\"\" width=\"3264\" height=\"1840\" srcset=\"http:\/\/www.alecoutedelamusique.com\/wordpress\/wp-content\/uploads\/2017\/10\/IMG_20171003_130302.jpg 3264w, http:\/\/www.alecoutedelamusique.com\/wordpress\/wp-content\/uploads\/2017\/10\/IMG_20171003_130302-300x169.jpg 300w, http:\/\/www.alecoutedelamusique.com\/wordpress\/wp-content\/uploads\/2017\/10\/IMG_20171003_130302-768x433.jpg 768w, http:\/\/www.alecoutedelamusique.com\/wordpress\/wp-content\/uploads\/2017\/10\/IMG_20171003_130302-1024x577.jpg 1024w\" sizes=\"(max-width: 767px) 89vw, (max-width: 1000px) 54vw, (max-width: 1071px) 543px, 580px\" \/><figcaption id=\"caption-attachment-50\" class=\"wp-caption-text\">Yeah<\/figcaption><\/figure>\n<h1 style=\"text-align: center;\"><strong>Le cours d&rsquo;\u00e9veil musical<\/strong><\/h1>\n<h2><span style=\"color: #99ccff;\">Quand ?<\/span><\/h2>\n<p>Le cours d&rsquo;\u00e9veil musical a lieu le mercredi matin.\u00a0 Dur\u00e9e\u00a0 du cours : une heure.<\/p>\n<h2><span style=\"color: #99ccff;\">Pourquoi ?<\/span><\/h2>\n<p>Le cours d&rsquo;\u00e9veil musical a pour objectif de faire d\u00e9couvrir et aimer la musique aux enfants de mani\u00e8re ludique.<br \/>\nN&rsquo;oublions pas que la musique est avant tout une source de plaisir, de sensations, d&rsquo;expression et de cr\u00e9ation, c&rsquo;est pourquoi nous pensons qu&rsquo;il est important de leur faire explorer ce monde d\u00e8s le plus jeune \u00e2ge.<\/p>\n<h2><span style=\"color: #99ccff;\">Pour qui ?<\/span><\/h2>\n<p>Destin\u00e9 \u00e0 tous les enfants de 3 \u00e0 5 ans.<\/p>\n<h2><span style=\"color: #99ccff;\">Comment ?<\/span><\/h2>\n<h3>La d\u00e9couverte des sons.<\/h3>\n<ul>\n<li>Ecouter le monde sonore qui nous entoure( identification, comparaison, production)<\/li>\n<li>Rep\u00e9rer les caract\u00e9ristiques du son ( timbre, intensit\u00e9, hauteur, dur\u00e9e)<\/li>\n<li>Les instruments de l&rsquo;orchestre<\/li>\n<\/ul>\n<h3>Le rythme<\/h3>\n<ul>\n<li>L&rsquo;acquisition du tempo<\/li>\n<li>Diff\u00e9rencier tempo et rythme<\/li>\n<li>Ecoute, reconnaissance, reproduction, invention d&rsquo;une cellule rythmique<\/li>\n<\/ul>\n<h3>Le mouvement corporel<\/h3>\n<p>Se d\u00e9placer dans un mouvement de marche, de course, de balancement, de sautill\u00e9.<\/p>\n<h3>Le jeu instrumental<\/h3>\n<p>Petites percussions( tambourin, maracas, triangle, claves&#8230;)<\/p>\n<h3>La voix<\/h3>\n<ul>\n<li>Jouer de sa voix pour d\u00e9couvrir des variantes de timbres, d&rsquo;intensit\u00e9, de hauteur et de nuance.<\/li>\n<li>R\u00e9pertoire de comptines<\/li>\n<\/ul>\n<h3>L&rsquo;\u00e9coute<\/h3>\n<ul>\n<li>D\u00e9couvrir les diff\u00e9rents styles (classique, jazz, vari\u00e9t\u00e9&#8230;)<\/li>\n<li>Comtes musicaux( Pierre et le loup, le Carnaval des animaux, &#8230;)<\/li>\n<\/ul>\n<p>Nous portons \u00e9galement une importance toute particuli\u00e8re \u00e0 aller \u00e0 la rencontre d&rsquo;\u00e9l\u00e8ves confirm\u00e9s des diff\u00e9rentes classes d&rsquo;instruments afin de permettre aux enfants de se projeter plus facilement dans le futur et comprendre les prochaines \u00e9tapes d&rsquo;apprentissage d&rsquo;un nouvel instrument de musique.<\/p>\n<h2><span style=\"color: #99ccff;\">Concert de fin d&rsquo;ann\u00e9e<\/span><\/h2>\n<p>La classe d&rsquo;\u00e9veil musical, au m\u00eame titre que les autres classes d&rsquo;instruments, participera au concert annuel de l&rsquo;\u00e9cole ayant lieu salle Jacques Brel !<\/p>\n","protected":false},"excerpt":{"rendered":"<p>\u00a0Jardin \/ Eveil Musical Pour les enfants de 4 \u00e0 5 ans &#8211; Plaisir de chanter et jouer ensemble &#8211; Chants, comptines, jeux dans\u00e9s et chant\u00e9s, \u00e9coute d&rsquo;\u0153uvres musicales &#8211; D\u00e9couverte des sons &#8211; Travail des rythmes sur petites percussions &#8211; D\u00e9couverte des instruments de l&rsquo;orchestre Parents ! vous croyez aux vertus de l&rsquo;apprentissage de &hellip; <\/p>\n<p class=\"link-more\"><a href=\"http:\/\/www.alecoutedelamusique.com\/wordpress\/accueil\/enseignements\/jardin-musical\/\" class=\"more-link\">Continuer la lecture<span class=\"screen-reader-text\"> de &laquo;&nbsp;Eveil piano et musical&nbsp;&raquo;<\/span><\/a><\/p>\n","protected":false},"author":1,"featured_media":181,"parent":15,"menu_order":0,"comment_status":"closed","ping_status":"closed","template":"","meta":{"_mi_skip_tracking":false},"_links":{"self":[{"href":"http:\/\/www.alecoutedelamusique.com\/wordpress\/wp-json\/wp\/v2\/pages\/120"}],"collection":[{"href":"http:\/\/www.alecoutedelamusique.com\/wordpress\/wp-json\/wp\/v2\/pages"}],"about":[{"href":"http:\/\/www.alecoutedelamusique.com\/wordpress\/wp-json\/wp\/v2\/types\/page"}],"author":[{"embeddable":true,"href":"http:\/\/www.alecoutedelamusique.com\/wordpress\/wp-json\/wp\/v2\/users\/1"}],"replies":[{"embeddable":true,"href":"http:\/\/www.alecoutedelamusique.com\/wordpress\/wp-json\/wp\/v2\/comments?post=120"}],"version-history":[{"count":19,"href":"http:\/\/www.alecoutedelamusique.com\/wordpress\/wp-json\/wp\/v2\/pages\/120\/revisions"}],"predecessor-version":[{"id":672,"href":"http:\/\/www.alecoutedelamusique.com\/wordpress\/wp-json\/wp\/v2\/pages\/120\/revisions\/672"}],"up":[{"embeddable":true,"href":"http:\/\/www.alecoutedelamusique.com\/wordpress\/wp-json\/wp\/v2\/pages\/15"}],"wp:featuredmedia":[{"embeddable":true,"href":"http:\/\/www.alecoutedelamusique.com\/wordpress\/wp-json\/wp\/v2\/media\/181"}],"wp:attachment":[{"href":"http:\/\/www.alecoutedelamusique.com\/wordpress\/wp-json\/wp\/v2\/media?parent=120"}],"curies":[{"name":"wp","href":"https:\/\/api.w.org\/{rel}","templated":true}]}}